{"id":29,"date":"2025-02-28T14:41:19","date_gmt":"2025-02-28T14:41:19","guid":{"rendered":"https:\/\/nikiwi.fi\/?page_id=29"},"modified":"2025-02-28T15:57:19","modified_gmt":"2025-02-28T15:57:19","slug":"politiikka","status":"publish","type":"page","link":"https:\/\/nikiwi.fi\/index.php\/politiikka\/","title":{"rendered":"Politiikka"},"content":{"rendered":"\n<p><strong>Yleisesti<\/strong><\/p>\n\n\n\n<p>Pid\u00e4n kristillisi\u00e4 perusarvoja yhteiskuntamme kantavana voimana ja syyn\u00e4 sille, miksi maamme on n\u00e4in hieno paikka el\u00e4\u00e4. Jos \u00e4\u00e4nest\u00e4t minua, niin lupaan toimia rehellisesti ja \u00e4\u00e4nesi arvoisesti.<\/p>\n\n\n\n<p><strong>Sananvapaus<\/strong><\/p>\n\n\n\n<p>Sananvapaus on t\u00e4rkeimpi\u00e4 yhteiskuntamme peruspilareita. Se on paras ja tehokkain ty\u00f6kalumme vaikuttaa ja juuri siksi totalit\u00e4\u00e4riset yhteiskunnat ovat ensimm\u00e4isen\u00e4 rajoittamassa sit\u00e4. Sen rajoittaminen on mielest\u00e4ni oikeutettua vain silloin kun se suoraan vahingoittaa toisten perusoikeuksia.<\/p>\n\n\n\n<p><strong>Liikenne<\/strong><\/p>\n\n\n\n<p>Toimiva liikenne niin joukkoliikenteen, py\u00f6r\u00e4ilyn, jalankulkemisen kuin yksityisautoilunkin osalta on elint\u00e4rke\u00e4 kaupungin ja yhteiskunnan toimivuudelle. En pid\u00e4 yksityisautoilun rajoittamista oikeana ratkaisuna p\u00e4\u00e4st\u00f6jen v\u00e4hent\u00e4miseksi. N\u00e4en, ett\u00e4 esimerkiksi joukkoliikennett\u00e4 kehitt\u00e4m\u00e4ll\u00e4 luodaan kannustimet ihmisille v\u00e4hent\u00e4\u00e4 auton k\u00e4ytt\u00e4mist\u00e4 arjessa.<\/p>\n\n\n\n<p><strong>Perheet<\/strong><\/p>\n\n\n\n<p>Yhteiskunnan tulee aina kannustaa ihmisi\u00e4 perhe-el\u00e4m\u00e4\u00e4n. T\u00e4rke\u00e4\u00e4 on, ettei lasten saaminen olisi kiinni omasta taloudesta tai esimerkiksi asumisj\u00e4rjestelyist\u00e4. Meid\u00e4n tulee nykyisess\u00e4 syntyvyystilanteessa tehd\u00e4 kaikkemme purkaaksemme rakenteelliset esteet perheellistymiselle.<\/p>\n\n\n\n<p><strong>Verotus ja julkiset menot<\/strong><\/p>\n\n\n\n<p>Valtion menot tulee aina suhteuttaa tuloihin eik\u00e4 p\u00e4invastoin. Julkisia menoja karsitaan niin kauan, ett\u00e4 ne ovat tasapainossa tulojen kanssa. Pitk\u00e4ll\u00e4 aikav\u00e4lill\u00e4 verotusta on pystytt\u00e4v\u00e4 karsimaan niin yksityisilt\u00e4 ihmisilt\u00e4 kuin yrityksilt\u00e4kin, jotta luodaan kaikille parhaat edellytykset menesty\u00e4.<\/p>\n\n\n\n<p><strong>Ymp\u00e4rist\u00f6<\/strong><\/p>\n\n\n\n<p>Suomen tulee jatkaa ymp\u00e4rist\u00f6n suojelua. En n\u00e4e, ett\u00e4 meid\u00e4n tarvitsee tehd\u00e4 radikaaleja muutoksia. Panostetaan puhtaaseen energiantuotantoon, kehitet\u00e4\u00e4n joukkoliikennett\u00e4 ja suositaan l\u00e4hiruokaa. Aasiasta tulevan rihkamatavaran maahantuontia pit\u00e4isi kontrolloida esimerkiksi maltillisilla lis\u00e4verotuksilla.<\/p>\n\n\n\n<p><\/p>\n\n\n\n<p><\/p>\n","protected":false},"excerpt":{"rendered":"<p>Yleisesti Pid\u00e4n kristillisi\u00e4 perusarvoja yhteiskuntamme kantavana voimana ja syyn\u00e4 sille, miksi maamme on n\u00e4in hieno paikka el\u00e4\u00e4. Jos \u00e4\u00e4nest\u00e4t minua, niin lupaan toimia rehellisesti ja \u00e4\u00e4nesi arvoisesti. Sananvapaus Sananvapaus on t\u00e4rkeimpi\u00e4 yhteiskuntamme peruspilareita. Se on paras ja tehokkain ty\u00f6kalumme vaikuttaa ja juuri siksi totalit\u00e4\u00e4riset yhteiskunnat ovat ensimm\u00e4isen\u00e4 rajoittamassa sit\u00e4. Sen rajoittaminen on mielest\u00e4ni oikeutettua vain [&hellip;]<\/p>\n","protected":false},"author":1,"featured_media":0,"parent":0,"menu_order":0,"comment_status":"closed","ping_status":"closed","template":"","meta":{"footnotes":""},"class_list":["post-29","page","type-page","status-publish","hentry"],"yoast_head":"<!-- This site is optimized with the Yoast SEO plugin v26.9 - https:\/\/yoast.com\/product\/yoast-seo-wordpress\/ -->\n<title>Politiikka - Niko Kivim\u00e4ki Wilders<\/title>\n<meta name=\"robots\" content=\"index, follow, max-snippet:-1, max-image-preview:large, max-video-preview:-1\" \/>\n<link rel=\"canonical\" href=\"https:\/\/nikiwi.fi\/index.php\/politiikka\/\" \/>\n<meta property=\"og:locale\" content=\"fi_FI\" \/>\n<meta property=\"og:type\" content=\"article\" \/>\n<meta property=\"og:title\" content=\"Politiikka - Niko Kivim\u00e4ki Wilders\" \/>\n<meta property=\"og:description\" content=\"Yleisesti Pid\u00e4n kristillisi\u00e4 perusarvoja yhteiskuntamme kantavana voimana ja syyn\u00e4 sille, miksi maamme on n\u00e4in hieno paikka el\u00e4\u00e4. Jos \u00e4\u00e4nest\u00e4t minua, niin lupaan toimia rehellisesti ja \u00e4\u00e4nesi arvoisesti. Sananvapaus Sananvapaus on t\u00e4rkeimpi\u00e4 yhteiskuntamme peruspilareita. Se on paras ja tehokkain ty\u00f6kalumme vaikuttaa ja juuri siksi totalit\u00e4\u00e4riset yhteiskunnat ovat ensimm\u00e4isen\u00e4 rajoittamassa sit\u00e4. Sen rajoittaminen on mielest\u00e4ni oikeutettua vain [&hellip;]\" \/>\n<meta property=\"og:url\" content=\"https:\/\/nikiwi.fi\/index.php\/politiikka\/\" \/>\n<meta property=\"og:site_name\" content=\"Niko Kivim\u00e4ki Wilders\" \/>\n<meta property=\"article:modified_time\" content=\"2025-02-28T15:57:19+00:00\" \/>\n<meta name=\"twitter:card\" content=\"summary_large_image\" \/>\n<meta name=\"twitter:label1\" content=\"Arvioitu lukuaika\" \/>\n\t<meta name=\"twitter:data1\" content=\"1 minuutti\" \/>\n<script type=\"application\/ld+json\" class=\"yoast-schema-graph\">{\"@context\":\"https:\/\/schema.org\",\"@graph\":[{\"@type\":\"WebPage\",\"@id\":\"https:\/\/nikiwi.fi\/index.php\/politiikka\/\",\"url\":\"https:\/\/nikiwi.fi\/index.php\/politiikka\/\",\"name\":\"Politiikka - Niko Kivim\u00e4ki Wilders\",\"isPartOf\":{\"@id\":\"https:\/\/nikiwi.fi\/#website\"},\"datePublished\":\"2025-02-28T14:41:19+00:00\",\"dateModified\":\"2025-02-28T15:57:19+00:00\",\"breadcrumb\":{\"@id\":\"https:\/\/nikiwi.fi\/index.php\/politiikka\/#breadcrumb\"},\"inLanguage\":\"fi\",\"potentialAction\":[{\"@type\":\"ReadAction\",\"target\":[\"https:\/\/nikiwi.fi\/index.php\/politiikka\/\"]}]},{\"@type\":\"BreadcrumbList\",\"@id\":\"https:\/\/nikiwi.fi\/index.php\/politiikka\/#breadcrumb\",\"itemListElement\":[{\"@type\":\"ListItem\",\"position\":1,\"name\":\"Etusivu\",\"item\":\"https:\/\/nikiwi.fi\/\"},{\"@type\":\"ListItem\",\"position\":2,\"name\":\"Politiikka\"}]},{\"@type\":\"WebSite\",\"@id\":\"https:\/\/nikiwi.fi\/#website\",\"url\":\"https:\/\/nikiwi.fi\/\",\"name\":\"Niko Kivim\u00e4ki Wilders\",\"description\":\"Suunnittelija, FM\",\"publisher\":{\"@id\":\"https:\/\/nikiwi.fi\/#organization\"},\"potentialAction\":[{\"@type\":\"SearchAction\",\"target\":{\"@type\":\"EntryPoint\",\"urlTemplate\":\"https:\/\/nikiwi.fi\/?s={search_term_string}\"},\"query-input\":{\"@type\":\"PropertyValueSpecification\",\"valueRequired\":true,\"valueName\":\"search_term_string\"}}],\"inLanguage\":\"fi\"},{\"@type\":\"Organization\",\"@id\":\"https:\/\/nikiwi.fi\/#organization\",\"name\":\"Niko Kivim\u00e4ki Wilders\",\"url\":\"https:\/\/nikiwi.fi\/\",\"logo\":{\"@type\":\"ImageObject\",\"inLanguage\":\"fi\",\"@id\":\"https:\/\/nikiwi.fi\/#\/schema\/logo\/image\/\",\"url\":\"https:\/\/nikiwi.fi\/wp-content\/uploads\/2025\/02\/KD-sydan-2.png\",\"contentUrl\":\"https:\/\/nikiwi.fi\/wp-content\/uploads\/2025\/02\/KD-sydan-2.png\",\"width\":2900,\"height\":2824,\"caption\":\"Niko Kivim\u00e4ki Wilders\"},\"image\":{\"@id\":\"https:\/\/nikiwi.fi\/#\/schema\/logo\/image\/\"}}]}<\/script>\n<!-- \/ Yoast SEO plugin. -->","yoast_head_json":{"title":"Politiikka - Niko Kivim\u00e4ki Wilders","robots":{"index":"index","follow":"follow","max-snippet":"max-snippet:-1","max-image-preview":"max-image-preview:large","max-video-preview":"max-video-preview:-1"},"canonical":"https:\/\/nikiwi.fi\/index.php\/politiikka\/","og_locale":"fi_FI","og_type":"article","og_title":"Politiikka - Niko Kivim\u00e4ki Wilders","og_description":"Yleisesti Pid\u00e4n kristillisi\u00e4 perusarvoja yhteiskuntamme kantavana voimana ja syyn\u00e4 sille, miksi maamme on n\u00e4in hieno paikka el\u00e4\u00e4. Jos \u00e4\u00e4nest\u00e4t minua, niin lupaan toimia rehellisesti ja \u00e4\u00e4nesi arvoisesti. Sananvapaus Sananvapaus on t\u00e4rkeimpi\u00e4 yhteiskuntamme peruspilareita. Se on paras ja tehokkain ty\u00f6kalumme vaikuttaa ja juuri siksi totalit\u00e4\u00e4riset yhteiskunnat ovat ensimm\u00e4isen\u00e4 rajoittamassa sit\u00e4. Sen rajoittaminen on mielest\u00e4ni oikeutettua vain [&hellip;]","og_url":"https:\/\/nikiwi.fi\/index.php\/politiikka\/","og_site_name":"Niko Kivim\u00e4ki Wilders","article_modified_time":"2025-02-28T15:57:19+00:00","twitter_card":"summary_large_image","twitter_misc":{"Arvioitu lukuaika":"1 minuutti"},"schema":{"@context":"https:\/\/schema.org","@graph":[{"@type":"WebPage","@id":"https:\/\/nikiwi.fi\/index.php\/politiikka\/","url":"https:\/\/nikiwi.fi\/index.php\/politiikka\/","name":"Politiikka - Niko Kivim\u00e4ki Wilders","isPartOf":{"@id":"https:\/\/nikiwi.fi\/#website"},"datePublished":"2025-02-28T14:41:19+00:00","dateModified":"2025-02-28T15:57:19+00:00","breadcrumb":{"@id":"https:\/\/nikiwi.fi\/index.php\/politiikka\/#breadcrumb"},"inLanguage":"fi","potentialAction":[{"@type":"ReadAction","target":["https:\/\/nikiwi.fi\/index.php\/politiikka\/"]}]},{"@type":"BreadcrumbList","@id":"https:\/\/nikiwi.fi\/index.php\/politiikka\/#breadcrumb","itemListElement":[{"@type":"ListItem","position":1,"name":"Etusivu","item":"https:\/\/nikiwi.fi\/"},{"@type":"ListItem","position":2,"name":"Politiikka"}]},{"@type":"WebSite","@id":"https:\/\/nikiwi.fi\/#website","url":"https:\/\/nikiwi.fi\/","name":"Niko Kivim\u00e4ki Wilders","description":"Suunnittelija, FM","publisher":{"@id":"https:\/\/nikiwi.fi\/#organization"},"potentialAction":[{"@type":"SearchAction","target":{"@type":"EntryPoint","urlTemplate":"https:\/\/nikiwi.fi\/?s={search_term_string}"},"query-input":{"@type":"PropertyValueSpecification","valueRequired":true,"valueName":"search_term_string"}}],"inLanguage":"fi"},{"@type":"Organization","@id":"https:\/\/nikiwi.fi\/#organization","name":"Niko Kivim\u00e4ki Wilders","url":"https:\/\/nikiwi.fi\/","logo":{"@type":"ImageObject","inLanguage":"fi","@id":"https:\/\/nikiwi.fi\/#\/schema\/logo\/image\/","url":"https:\/\/nikiwi.fi\/wp-content\/uploads\/2025\/02\/KD-sydan-2.png","contentUrl":"https:\/\/nikiwi.fi\/wp-content\/uploads\/2025\/02\/KD-sydan-2.png","width":2900,"height":2824,"caption":"Niko Kivim\u00e4ki Wilders"},"image":{"@id":"https:\/\/nikiwi.fi\/#\/schema\/logo\/image\/"}}]}},"_links":{"self":[{"href":"https:\/\/nikiwi.fi\/index.php\/wp-json\/wp\/v2\/pages\/29","targetHints":{"allow":["GET"]}}],"collection":[{"href":"https:\/\/nikiwi.fi\/index.php\/wp-json\/wp\/v2\/pages"}],"about":[{"href":"https:\/\/nikiwi.fi\/index.php\/wp-json\/wp\/v2\/types\/page"}],"author":[{"embeddable":true,"href":"https:\/\/nikiwi.fi\/index.php\/wp-json\/wp\/v2\/users\/1"}],"replies":[{"embeddable":true,"href":"https:\/\/nikiwi.fi\/index.php\/wp-json\/wp\/v2\/comments?post=29"}],"version-history":[{"count":8,"href":"https:\/\/nikiwi.fi\/index.php\/wp-json\/wp\/v2\/pages\/29\/revisions"}],"predecessor-version":[{"id":62,"href":"https:\/\/nikiwi.fi\/index.php\/wp-json\/wp\/v2\/pages\/29\/revisions\/62"}],"wp:attachment":[{"href":"https:\/\/nikiwi.fi\/index.php\/wp-json\/wp\/v2\/media?parent=29"}],"curies":[{"name":"wp","href":"https:\/\/api.w.org\/{rel}","templated":true}]}}